{"id":821,"date":"2021-01-05T18:39:06","date_gmt":"2021-01-05T17:39:06","guid":{"rendered":"https:\/\/mpadwokaci.eu\/equipo\/"},"modified":"2021-01-05T18:39:07","modified_gmt":"2021-01-05T17:39:07","slug":"equipo","status":"publish","type":"page","link":"https:\/\/mpadwokaci.eu\/es\/equipo\/","title":{"rendered":"Equipo"},"content":{"rendered":"<div class=\"wpb-content-wrapper\"><p>[vc_row full_width=&#8221;stretch_row&#8221; css=&#8221;.vc_custom_1606112532120{margin-bottom: -20px !important;background-color: #fbfbfb !important;}&#8221;][vc_column][vc_custom_heading text=&#8221;CON\u00d3CENOS&#8221; font_container=&#8221;tag:h4|text_align:center|color:%23000000|line_height:0&#8243; css=&#8221;.vc_custom_1605959340910{margin-bottom: 0px !important;padding-bottom: 35px !important;}&#8221;][vc_custom_heading text=&#8221;Nuestro equipo&#8221; font_container=&#8221;tag:h2|font_size:36px|text_align:center|color:%23000000&#8243;][\/vc_column][\/vc_row][vc_row full_width=&#8221;stretch_row&#8221; css=&#8221;.vc_custom_1569949287941{padding-top: 80px !important;padding-bottom: 80px !important;background-color: #fbfbfb !important;}&#8221;][vc_column width=&#8221;1\/2&#8243;][cl_single_team member=&#8221;143&#8243;][vc_column_text]Graduada de la Universidad de Adam Mickiewicz en Poznan. Adquiri\u00f3 experiencia laboral en el consultorio jur\u00eddico universitario, aconsejando en asuntos criminales, ejecuci\u00f3n de penas y infracciones, y en despacho de abogados, especializ\u00e1ndose en llevar casos penales y civiles, con especial referencia a derecho de familia. Hizo la practica en la agencia de Uni\u00f3n Europea Eurojust en la Haya.<br \/>\nSobre todo, asista a clientes particulares, especializ\u00e1ndose en casos penales, delitos fiscales y infracciones. Lleva tambi\u00e9n casos civiles, antes de nada familiares y presta servicios legales a los extranjeros.<br \/>\nHabla ingl\u00e9s y espa\u00f1ol con fluidez (certificados Certificate in Advanced English y del conocimiento del ingl\u00e9s jur\u00eddico TOLES Higher y DELE C1). Promociona Poznan y Gran Polonia trabajando como gu\u00eda tur\u00edstica.<br \/>\nEn su tiempo libre aficionada a viajes y nataci\u00f3n.[\/vc_column_text][\/vc_column][vc_column width=&#8221;1\/2&#8243;][cl_single_team member=&#8221;142&#8243;][vc_column_text]Graduado del Departamento de Derecho, Administraci\u00f3n y Econom\u00eda de la Universidad de Breslavia. Estudi\u00f3 tambi\u00e9n en Paris-Lodron-Universit\u00e4t Salzburg en Austria. Adquiri\u00f3 experiencia laboral en despacho de abogados, atendiendo las empresas, sobre todo de industria IT, de construcci\u00f3n, alimentaria, ramo automotivo y sindicatos. Llev\u00f3 muchos casos de cr\u00e9ditos en francos suizos, representando los prestatarios. Goza de gran experiencia en representaci\u00f3n de perjudicados por negligencia m\u00e9dica en juicio penal y civil. Es un especialista certificado de implementaci\u00f3n y auditor\u00eda de RGPD.<\/p>\n<p>Presta complejo asesoramiento para empresarios y asiste a clientes particulares, especializ\u00e1ndose en casos civiles con especial referencia al derecho de las obligaciones.<br \/>\nHabla ingl\u00e9s con fluidez. En su tiempo libre m\u00fasico y apasionado de las nuevas tecnolog\u00edas y software.[\/vc_column_text][\/vc_column][\/vc_row][vc_row full_width=&#8221;stretch_row&#8221; css=&#8221;.vc_custom_1569949287941{padding-top: 80px !important;padding-bottom: 80px !important;background-color: #fbfbfb !important;}&#8221;][vc_column width=&#8221;1\/2&#8243;][vc_custom_heading text=&#8221;\u00bfQu\u00e9 m\u00e1s?&#8221; font_container=&#8221;tag:h4|text_align:center&#8221;][vc_custom_heading text=&#8221;SOLICITA UNA CITA&#8221; font_container=&#8221;tag:h3|text_align:center&#8221;][\/vc_column][vc_column width=&#8221;1\/2&#8243;][cl_button text=&#8221;Calendario&#8221; link=&#8221;https:\/\/mpadwokaci.eu\/es\/calendario-y-contacto\/&#8221;][\/vc_column][\/vc_row][vc_row full_width=&#8221;stretch_row&#8221; css=&#8221;.vc_custom_1569949287941{padding-top: 80px !important;padding-bottom: 80px !important;background-color: #fbfbfb !important;}&#8221;][vc_column][\/vc_column][\/vc_row]<\/p>\n<\/div>","protected":false},"excerpt":{"rendered":"<p>[vc_row full_width=&#8221;stretch_row&#8221; css=&#8221;.vc_custom_1606112532120{margin-bottom: -20px !important;background-color: #fbfbfb !important;}&#8221;][vc_column][vc_custom_heading text=&#8221;CON\u00d3CENOS&#8221; font_container=&#8221;tag:h4|text_align:center|color:%23000000|line_height:0&#8243; css=&#8221;.vc_custom_1605959340910{margin-bottom: 0px !important;padding-bottom: 35px !important;}&#8221;][vc_custom_heading text=&#8221;Nuestro equipo&#8221; font_container=&#8221;tag:h2|font_size:36px|text_align:center|color:%23000000&#8243;][\/vc_column][\/vc_row][vc_row full_width=&#8221;stretch_row&#8221; css=&#8221;.vc_custom_1569949287941{padding-top: 80px !important;padding-bottom: 80px !important;background-color: #fbfbfb !important;}&#8221;][vc_column width=&#8221;1\/2&#8243;][cl_single_team member=&#8221;143&#8243;][vc_column_text]Graduada de la Universidad de Adam Mickiewicz en Poznan. Adquiri\u00f3 experiencia laboral en el [&hellip;]<\/p>\n","protected":false},"author":1,"featured_media":0,"parent":0,"menu_order":0,"comment_status":"closed","ping_status":"closed","template":"","meta":{"footnotes":""},"yoast_head":"<!-- This site is optimized with the Yoast SEO plugin v21.9.1 - https:\/\/yoast.com\/wordpress\/plugins\/seo\/ -->\n<title>Equipo - MP Adwokaci<\/title>\n<meta name=\"robots\" content=\"index, follow, max-snippet:-1, max-image-preview:large, max-video-preview:-1\" \/>\n<link rel=\"canonical\" href=\"https:\/\/mpadwokaci.eu\/es\/o-nas\/\" \/>\n<meta property=\"og:locale\" content=\"es_ES\" \/>\n<meta property=\"og:type\" content=\"article\" \/>\n<meta property=\"og:title\" content=\"Equipo - MP Adwokaci\" \/>\n<meta property=\"og:description\" content=\"[vc_row full_width=&#8221;stretch_row&#8221; css=&#8221;.vc_custom_1606112532120{margin-bottom: -20px !important;background-color: #fbfbfb !important;}&#8221;][vc_column][vc_custom_heading text=&#8221;CON\u00d3CENOS&#8221; font_container=&#8221;tag:h4|text_align:center|color:%23000000|line_height:0&#8243; css=&#8221;.vc_custom_1605959340910{margin-bottom: 0px !important;padding-bottom: 35px !important;}&#8221;][vc_custom_heading text=&#8221;Nuestro equipo&#8221; font_container=&#8221;tag:h2|font_size:36px|text_align:center|color:%23000000&#8243;][\/vc_column][\/vc_row][vc_row full_width=&#8221;stretch_row&#8221; css=&#8221;.vc_custom_1569949287941{padding-top: 80px !important;padding-bottom: 80px !important;background-color: #fbfbfb !important;}&#8221;][vc_column width=&#8221;1\/2&#8243;][cl_single_team member=&#8221;143&#8243;][vc_column_text]Graduada de la Universidad de Adam Mickiewicz en Poznan. Adquiri\u00f3 experiencia laboral en el [&hellip;]\" \/>\n<meta property=\"og:url\" content=\"https:\/\/mpadwokaci.eu\/o-nas\/\" \/>\n<meta property=\"og:site_name\" content=\"MP Adwokaci\" \/>\n<meta property=\"article:publisher\" content=\"https:\/\/www.facebook.com\/MPAdwokaci\" \/>\n<meta property=\"article:modified_time\" content=\"2021-01-05T17:39:07+00:00\" \/>\n<meta name=\"twitter:card\" content=\"summary_large_image\" \/>\n<meta name=\"twitter:label1\" content=\"Tiempo de lectura\" \/>\n\t<meta name=\"twitter:data1\" content=\"2 minutos\" \/>\n<script type=\"application\/ld+json\" class=\"yoast-schema-graph\">{\"@context\":\"https:\/\/schema.org\",\"@graph\":[{\"@type\":\"WebPage\",\"@id\":\"https:\/\/mpadwokaci.eu\/o-nas\/\",\"url\":\"https:\/\/mpadwokaci.eu\/o-nas\/\",\"name\":\"Equipo - MP Adwokaci\",\"isPartOf\":{\"@id\":\"https:\/\/mpadwokaci.eu\/#website\"},\"datePublished\":\"2021-01-05T17:39:06+00:00\",\"dateModified\":\"2021-01-05T17:39:07+00:00\",\"breadcrumb\":{\"@id\":\"https:\/\/mpadwokaci.eu\/o-nas\/#breadcrumb\"},\"inLanguage\":\"es\",\"potentialAction\":[{\"@type\":\"ReadAction\",\"target\":[\"https:\/\/mpadwokaci.eu\/o-nas\/\"]}]},{\"@type\":\"BreadcrumbList\",\"@id\":\"https:\/\/mpadwokaci.eu\/o-nas\/#breadcrumb\",\"itemListElement\":[{\"@type\":\"ListItem\",\"position\":1,\"name\":\"Strona g\u0142\u00f3wna\",\"item\":\"https:\/\/mpadwokaci.eu\/es\/\"},{\"@type\":\"ListItem\",\"position\":2,\"name\":\"Equipo\"}]},{\"@type\":\"WebSite\",\"@id\":\"https:\/\/mpadwokaci.eu\/#website\",\"url\":\"https:\/\/mpadwokaci.eu\/\",\"name\":\"MP Adwokaci\",\"description\":\"\",\"publisher\":{\"@id\":\"https:\/\/mpadwokaci.eu\/#organization\"},\"potentialAction\":[{\"@type\":\"SearchAction\",\"target\":{\"@type\":\"EntryPoint\",\"urlTemplate\":\"https:\/\/mpadwokaci.eu\/?s={search_term_string}\"},\"query-input\":\"required name=search_term_string\"}],\"inLanguage\":\"es\"},{\"@type\":\"Organization\",\"@id\":\"https:\/\/mpadwokaci.eu\/#organization\",\"name\":\"MP Adwokaci\",\"url\":\"https:\/\/mpadwokaci.eu\/\",\"logo\":{\"@type\":\"ImageObject\",\"inLanguage\":\"es\",\"@id\":\"https:\/\/mpadwokaci.eu\/#\/schema\/logo\/image\/\",\"url\":\"https:\/\/mpadwokaci.eu\/wp-content\/uploads\/2020\/11\/MPA-logo-white-e1605855541776.png\",\"contentUrl\":\"https:\/\/mpadwokaci.eu\/wp-content\/uploads\/2020\/11\/MPA-logo-white-e1605855541776.png\",\"width\":300,\"height\":168,\"caption\":\"MP Adwokaci\"},\"image\":{\"@id\":\"https:\/\/mpadwokaci.eu\/#\/schema\/logo\/image\/\"},\"sameAs\":[\"https:\/\/www.facebook.com\/MPAdwokaci\",\"https:\/\/www.linkedin.com\/company\/mpadwokaci\/\"]}]}<\/script>\n<!-- \/ Yoast SEO plugin. -->","yoast_head_json":{"title":"Equipo - MP Adwokaci","robots":{"index":"index","follow":"follow","max-snippet":"max-snippet:-1","max-image-preview":"max-image-preview:large","max-video-preview":"max-video-preview:-1"},"canonical":"https:\/\/mpadwokaci.eu\/es\/o-nas\/","og_locale":"es_ES","og_type":"article","og_title":"Equipo - MP Adwokaci","og_description":"[vc_row full_width=&#8221;stretch_row&#8221; css=&#8221;.vc_custom_1606112532120{margin-bottom: -20px !important;background-color: #fbfbfb !important;}&#8221;][vc_column][vc_custom_heading text=&#8221;CON\u00d3CENOS&#8221; font_container=&#8221;tag:h4|text_align:center|color:%23000000|line_height:0&#8243; css=&#8221;.vc_custom_1605959340910{margin-bottom: 0px !important;padding-bottom: 35px !important;}&#8221;][vc_custom_heading text=&#8221;Nuestro equipo&#8221; font_container=&#8221;tag:h2|font_size:36px|text_align:center|color:%23000000&#8243;][\/vc_column][\/vc_row][vc_row full_width=&#8221;stretch_row&#8221; css=&#8221;.vc_custom_1569949287941{padding-top: 80px !important;padding-bottom: 80px !important;background-color: #fbfbfb !important;}&#8221;][vc_column width=&#8221;1\/2&#8243;][cl_single_team member=&#8221;143&#8243;][vc_column_text]Graduada de la Universidad de Adam Mickiewicz en Poznan. Adquiri\u00f3 experiencia laboral en el [&hellip;]","og_url":"https:\/\/mpadwokaci.eu\/o-nas\/","og_site_name":"MP Adwokaci","article_publisher":"https:\/\/www.facebook.com\/MPAdwokaci","article_modified_time":"2021-01-05T17:39:07+00:00","twitter_card":"summary_large_image","twitter_misc":{"Tiempo de lectura":"2 minutos"},"schema":{"@context":"https:\/\/schema.org","@graph":[{"@type":"WebPage","@id":"https:\/\/mpadwokaci.eu\/o-nas\/","url":"https:\/\/mpadwokaci.eu\/o-nas\/","name":"Equipo - MP Adwokaci","isPartOf":{"@id":"https:\/\/mpadwokaci.eu\/#website"},"datePublished":"2021-01-05T17:39:06+00:00","dateModified":"2021-01-05T17:39:07+00:00","breadcrumb":{"@id":"https:\/\/mpadwokaci.eu\/o-nas\/#breadcrumb"},"inLanguage":"es","potentialAction":[{"@type":"ReadAction","target":["https:\/\/mpadwokaci.eu\/o-nas\/"]}]},{"@type":"BreadcrumbList","@id":"https:\/\/mpadwokaci.eu\/o-nas\/#breadcrumb","itemListElement":[{"@type":"ListItem","position":1,"name":"Strona g\u0142\u00f3wna","item":"https:\/\/mpadwokaci.eu\/es\/"},{"@type":"ListItem","position":2,"name":"Equipo"}]},{"@type":"WebSite","@id":"https:\/\/mpadwokaci.eu\/#website","url":"https:\/\/mpadwokaci.eu\/","name":"MP Adwokaci","description":"","publisher":{"@id":"https:\/\/mpadwokaci.eu\/#organization"},"potentialAction":[{"@type":"SearchAction","target":{"@type":"EntryPoint","urlTemplate":"https:\/\/mpadwokaci.eu\/?s={search_term_string}"},"query-input":"required name=search_term_string"}],"inLanguage":"es"},{"@type":"Organization","@id":"https:\/\/mpadwokaci.eu\/#organization","name":"MP Adwokaci","url":"https:\/\/mpadwokaci.eu\/","logo":{"@type":"ImageObject","inLanguage":"es","@id":"https:\/\/mpadwokaci.eu\/#\/schema\/logo\/image\/","url":"https:\/\/mpadwokaci.eu\/wp-content\/uploads\/2020\/11\/MPA-logo-white-e1605855541776.png","contentUrl":"https:\/\/mpadwokaci.eu\/wp-content\/uploads\/2020\/11\/MPA-logo-white-e1605855541776.png","width":300,"height":168,"caption":"MP Adwokaci"},"image":{"@id":"https:\/\/mpadwokaci.eu\/#\/schema\/logo\/image\/"},"sameAs":["https:\/\/www.facebook.com\/MPAdwokaci","https:\/\/www.linkedin.com\/company\/mpadwokaci\/"]}]}},"_links":{"self":[{"href":"https:\/\/mpadwokaci.eu\/es\/wp-json\/wp\/v2\/pages\/821"}],"collection":[{"href":"https:\/\/mpadwokaci.eu\/es\/wp-json\/wp\/v2\/pages"}],"about":[{"href":"https:\/\/mpadwokaci.eu\/es\/wp-json\/wp\/v2\/types\/page"}],"author":[{"embeddable":true,"href":"https:\/\/mpadwokaci.eu\/es\/wp-json\/wp\/v2\/users\/1"}],"replies":[{"embeddable":true,"href":"https:\/\/mpadwokaci.eu\/es\/wp-json\/wp\/v2\/comments?post=821"}],"version-history":[{"count":0,"href":"https:\/\/mpadwokaci.eu\/es\/wp-json\/wp\/v2\/pages\/821\/revisions"}],"wp:attachment":[{"href":"https:\/\/mpadwokaci.eu\/es\/wp-json\/wp\/v2\/media?parent=821"}],"curies":[{"name":"wp","href":"https:\/\/api.w.org\/{rel}","templated":true}]}}