{"id":793,"date":"2021-01-05T18:21:26","date_gmt":"2021-01-05T17:21:26","guid":{"rendered":"https:\/\/mpadwokaci.eu\/calendario-y-contacto\/"},"modified":"2021-01-11T17:25:38","modified_gmt":"2021-01-11T16:25:38","slug":"calendario-y-contacto","status":"publish","type":"page","link":"https:\/\/mpadwokaci.eu\/es\/calendario-y-contacto\/","title":{"rendered":"Contacto y calendario"},"content":{"rendered":"<div class=\"wpb-content-wrapper\"><p>[vc_row css=&#8221;.vc_custom_1606073284153{margin-bottom: 0px !important;padding-bottom: 0px !important;}&#8221;][vc_column css=&#8221;.vc_custom_1570013888774{margin-bottom: 0px !important;padding-bottom: 0px !important;}&#8221;][vc_custom_heading text=&#8221;Calendario&#8221; font_container=&#8221;tag:h3|text_align:left&#8221;][vc_column_text]\u00bfQuieres comentar tu problema legal sin salir de casa? \u00bfNo puedes llamar para citar? Reserva una cita en el calendario y escr\u00edbenos un correo con tu pregunta, asunto e informaci\u00f3n como quieres vernos \u2013 en el despacho, por Skype o Zoom. En algunos casos podemos pedirte a enviar escaneo de los documentos o informaciones adicionales.[\/vc_column_text][\/vc_column][\/vc_row][vc_row][vc_column][vc_column_text]<!--\nPlugin Name: Bookly \u2013 Responsive WordPress Appointment Booking and Scheduling Plugin\nPlugin URI: https:\/\/www.booking-wp-plugin.com\/?utm_source=bookly_admin&utm_medium=plugins_page&utm_campaign=plugins_page\nVersion: 22.9-->\n    <style type=\"text\/css\">\n        :root {\n            --bookly-main-color: #252e39 !important;\n        }\n        \/* Color *\/\n        .bookly-form .bookly-form-group > label,\n        .bookly-form .bookly-label-error,\n        .bookly-form .bookly-progress-tracker > .active,\n        .bookly-form .picker__nav--next,\n        .bookly-form .pickadate__nav--prev,\n        .bookly-form .picker__day:hover,\n        .bookly-form .picker__day--selected:hover,\n        .bookly-form .picker--opened .picker__day--selected,\n        .bookly-form .picker__button--clear,\n        .bookly-form .picker__button--today,\n        .bookly-form .bookly-columnizer .bookly-hour span.bookly-waiting-list {\n            color: #252e39 !important;\n        }\n\n        \/* Background *\/\n        .bookly-form .bookly-progress-tracker > .active .step,\n        .bookly-form .picker__frame,\n        .bookly-form .bookly-columnizer .bookly-hour:active .bookly-hour-icon span,\n        .bookly-form .bookly-btn,\n        .bookly-form .bookly-btn:active,\n        .bookly-form .bookly-btn:focus,\n        .bookly-form .bookly-btn:hover,\n        .bookly-form .bookly-btn-submit,\n        .bookly-form .bookly-round,\n        .bookly-form .bookly-square,\n        .bookly-form .bookly-pagination > li.active {\n            background-color: #252e39 !important;\n        }\n\n        .bookly-form .bookly-triangle {\n            border-bottom-color: #252e39 !important;\n        }\n\n        \/* Border *\/\n        .bookly-form input[type=\"text\"].bookly-error,\n        .bookly-form input[type=\"password\"].bookly-error,\n        .bookly-form select.bookly-error,\n        .bookly-form textarea.bookly-error,\n        .bookly-form .bookly-week-days.bookly-error,\n        .bookly-extra-step div.bookly-extras-thumb.bookly-extras-selected {\n            border: 2px solid #252e39 !important;\n        }\n\n        \/* Other *\/\n        .bookly-form .picker__header {\n            border-bottom: 1px solid #252e39 !important;\n        }\n\n        .bookly-form .picker__nav--next:before {\n            border-left: 6px solid #252e39 !important;\n        }\n\n        .bookly-form .picker__nav--prev:before {\n            border-right: 6px solid #252e39 !important;\n        }\n\n        .bookly-form .bookly-columnizer .bookly-day, .bookly-form .bookly-schedule-date {\n            background: #252e39 !important;\n            border: 1px solid #252e39 !important;\n        }\n\n        .bookly-form .bookly-pagination > li.active a {\n            border: 1px solid #252e39 !important;\n        }\n\n        .bookly-form .bookly-columnizer .bookly-hour:active {\n            border: 2px solid #252e39 !important;\n            color: #252e39 !important;\n        }\n\n        .bookly-form .bookly-columnizer .bookly-hour:active .bookly-hour-icon {\n            background: none;\n            border: 2px solid #252e39 !important;\n            color: #252e39 !important;\n            width: auto;\n            height: auto;\n            padding: 3px;\n            border-radius: 25px;\n            margin-right: 3px;\n        }\n\n        .bookly-form .bookly-columnizer .bookly-hour:active .bookly-hour-icon span {\n            background-color: #252e39 !important;\n            width: 8px;\n            height: 8px;\n            border-radius: 10px;\n            display: block;\n        }\n\n        @media (hover) {\n            .bookly-form .bookly-columnizer .bookly-hour:hover {\n                border: 2px solid #252e39 !important;\n                color: #252e39 !important;\n            }\n\n            .bookly-form .bookly-columnizer .bookly-hour:hover .bookly-hour-icon {\n                background: none;\n                border: 2px solid #252e39 !important;\n                color: #252e39 !important;\n            }\n\n            .bookly-form .bookly-columnizer .bookly-hour:hover .bookly-hour-icon span {\n                background-color: #252e39 !important;\n            }\n        }\n    <\/style>\n\n<div id=\"bookly-form-69d767d22ca2e\" class=\"bookly-form\" data-form_id=\"69d767d22ca2e\" aria-live=\"polite\">\n    <div style=\"text-align: center\"><img decoding=\"async\" src=\"https:\/\/mpadwokaci.eu\/wp-includes\/js\/tinymce\/skins\/lightgray\/img\/loader.gif\" alt=\"Cargando ...\"\/><\/div>\n<\/div>\n<script type=\"text\/javascript\">\n    (function (win, fn) {\n        var done = false, top = true,\n            doc = win.document,\n            root = doc.documentElement,\n            modern = doc.addEventListener,\n            add = modern ? 'addEventListener' : 'attachEvent',\n            rem = modern ? 'removeEventListener' : 'detachEvent',\n            pre = modern ? '' : 'on',\n            init = function(e) {\n                if (e.type == 'readystatechange') if (doc.readyState != 'complete') return;\n                (e.type == 'load' ? win : doc)[rem](pre + e.type, init, false);\n                if (!done) { done = true; fn.call(win, e.type || e); }\n            },\n            poll = function() {\n                try { root.doScroll('left'); } catch(e) { setTimeout(poll, 50); return; }\n                init('poll');\n            };\n        if (doc.readyState == 'complete') fn.call(win, 'lazy');\n        else {\n            if (!modern) if (root.doScroll) {\n                try { top = !win.frameElement; } catch(e) { }\n                if (top) poll();\n            }\n            doc[add](pre + 'DOMContentLoaded', init, false);\n            doc[add](pre + 'readystatechange', init, false);\n            win[add](pre + 'load', init, false);\n        }\n    })(window, function() {\n        window.bookly( {\"form_id\":\"69d767d22ca2e\",\"status\":{\"booking\":\"new\"},\"skip_steps\":{\"service_part1\":0,\"service_part2\":0,\"extras\":1,\"time\":0,\"repeat\":1,\"cart\":1},\"errors\":{\"session_error\":\"Error de sesi\\u00f3n.\",\"form_id_error\":\"Error Identificaci\\u00f3n formulario.\",\"cart_item_not_available\":\"Wybrany czas nie jest dost\\u0119pny. Prosimy o wybranie innego.\",\"pay_locally_not_available\":\"Pagu\\u00e9 no est\\u00e1 disponible.\",\"invalid_gateway\":\"Puerta de enlace no es v\\u00e1lido.\",\"payment_error\":\" Error.\",\"incorrect_username_password\":\"Nombre de usuario o contrase\\u00f1a incorrectos.\"},\"form_attributes\":{\"hide_categories\":false,\"hide_services\":false,\"hide_staff_members\":false,\"show_number_of_persons\":false,\"hide_service_duration\":true,\"hide_locations\":true,\"hide_quantity\":true,\"hide_date\":false,\"hide_week_days\":false,\"hide_time_range\":false},\"use_client_time_zone\":0,\"firstDay\":1,\"date_format\":\"d mmmm yyyy\",\"defaults\":{\"service_id\":0,\"staff_id\":0,\"location_id\":0,\"category_id\":0},\"facebook\":{\"enabled\":1,\"appId\":\"\"}} );\n    });\n<\/script><\/p>\n<div id=\"gtx-trans\" style=\"position: absolute; left: -72px; top: -10px;\">\n<div class=\"gtx-trans-icon\"><\/div>\n<\/div>\n<p>[\/vc_column_text][\/vc_column][\/vc_row][vc_row full_width=&#8221;stretch_row_content_no_spaces&#8221; css=&#8221;.vc_custom_1570013912783{margin-bottom: 0px !important;padding-bottom: 0px !important;}&#8221;][vc_column css=&#8221;.vc_custom_1570013888774{margin-bottom: 0px !important;padding-bottom: 0px !important;}&#8221;][vc_empty_space][\/vc_column][\/vc_row][vc_row][vc_column width=&#8221;1\/4&#8243;][vc_custom_heading text=&#8221;Contacto&#8221; font_container=&#8221;tag:h3|text_align:left&#8221;][vc_column_text]<strong>Correo electr\u00f3nico:<\/strong> <a href=\"mailto:kancelaria@mpadwokaci.eu\">kancelaria@mpadwokaci.eu<\/a><\/p>\n<p><strong>Zuzanna Michalska:<\/strong><br \/>\nM\u00f3vil: <a href=\"tel:607314094\">607314094<\/a><br \/>\nCorreo electr\u00f3nico: <a href=\"mailto:z.michalska@mpadwokaci.eu\">z.michalska@mpadwokaci.eu<\/a><\/p>\n<p><strong>Micha\u0142 Pe\u0142echaty:<\/strong><br \/>\nM\u00f3vil: <a href=\"tel:601820058\">601820058<\/a><br \/>\nCorreo electr\u00f3nico: <a href=\"mailto:m.pelechaty@mpadwokaci.eu\">m.pelechaty@mpadwokaci.eu<\/a><\/p>\n<p>[\/vc_column_text][vc_custom_heading text=&#8221;La direcci\u00f3n&#8221; font_container=&#8221;tag:h3|text_align:left&#8221;][vc_column_text]al. Niepodleg\u0142o\u015bci 29<\/p>\n<p>61-714 Pozna\u0144<\/p>\n<p>&nbsp;<\/p>\n<p>ul. Witosa 37<\/p>\n<p>78-600 Walcz[\/vc_column_text][\/vc_column][vc_column width=&#8221;3\/4&#8243;][cl_contact_form7 id=&#8221;820&#8243;][\/vc_column][\/vc_row][vc_row full_width=&#8221;stretch_row_content_no_spaces&#8221; css=&#8221;.vc_custom_1570013912783{margin-bottom: 0px !important;padding-bottom: 0px !important;}&#8221;][vc_column css=&#8221;.vc_custom_1570013888774{margin-bottom: 0px !important;padding-bottom: 0px !important;}&#8221;][vc_gmaps link=&#8221;#E-8_JTNDaWZyYW1lJTIwc3JjJTNEJTIyaHR0cHMlM0ElMkYlMkZ3d3cuZ29vZ2xlLmNvbSUyRm1hcHMlMkZlbWJlZCUzRnBiJTNEJTIxMW0xOCUyMTFtMTIlMjExbTMlMjExZDI0MzMuNjQzNzUyNTM2MzY0NCUyMTJkMTYuOTE3NzQ2ODE2MjgyMzk2JTIxM2Q1Mi40MTMxMzI0NTE4OTU0OSUyMTJtMyUyMTFmMCUyMTJmMCUyMTNmMCUyMTNtMiUyMTFpMTAyNCUyMTJpNzY4JTIxNGYxMy4xJTIxM20zJTIxMW0yJTIxMXMweDQ3MDQ1YjRiZDM3ZTgxOGYlMjUzQTB4MmZmZTdhOTE0ODU3MzA5YyUyMTJ6UVd3dUlFNXBaWEJ2Wkd4bFo4V0NiOFdiWTJrZ01qa3NJRFl4TFRjeE5DQlFiM3B1WWNXRSUyMTVlMCUyMTNtMiUyMTFzZW4lMjEyc3BsJTIxNHYxNjA2MjQ4NzQ3NzI0JTIxNW0yJTIxMXNlbiUyMTJzcGwlMjIlMjB3aWR0aCUzRCUyMjYwMCUyMiUyMGhlaWdodCUzRCUyMjQ1MCUyMiUyMGZyYW1lYm9yZGVyJTNEJTIyMCUyMiUyMHN0eWxlJTNEJTIyYm9yZGVyJTNBMCUzQiUyMiUyMGFsbG93ZnVsbHNjcmVlbiUzRCUyMiUyMiUyMGFyaWEtaGlkZGVuJTNEJTIyZmFsc2UlMjIlMjB0YWJpbmRleCUzRCUyMjAlMjIlM0UlM0MlMkZpZnJhbWUlM0U=&#8221; el_class=&#8221;black_and_white&#8221;][\/vc_column][\/vc_row]<\/p>\n<\/div>","protected":false},"excerpt":{"rendered":"<p>[vc_row css=&#8221;.vc_custom_1606073284153{margin-bottom: 0px !important;padding-bottom: 0px !important;}&#8221;][vc_column css=&#8221;.vc_custom_1570013888774{margin-bottom: 0px !important;padding-bottom: 0px !important;}&#8221;][vc_custom_heading text=&#8221;Calendario&#8221; font_container=&#8221;tag:h3|text_align:left&#8221;][vc_column_text]\u00bfQuieres comentar tu problema legal sin salir de casa? \u00bfNo puedes llamar para citar? Reserva una cita en el calendario y escr\u00edbenos un correo con tu pregunta, asunto [&hellip;]<\/p>\n","protected":false},"author":1,"featured_media":0,"parent":0,"menu_order":0,"comment_status":"closed","ping_status":"closed","template":"","meta":{"footnotes":""},"yoast_head":"<!-- This site is optimized with the Yoast SEO plugin v21.9.1 - https:\/\/yoast.com\/wordpress\/plugins\/seo\/ -->\n<title>Contacto y calendario - MP Adwokaci<\/title>\n<meta name=\"robots\" content=\"index, follow, max-snippet:-1, max-image-preview:large, max-video-preview:-1\" \/>\n<link rel=\"canonical\" href=\"https:\/\/mpadwokaci.eu\/es\/calendario-y-contacto\/\" \/>\n<meta property=\"og:locale\" content=\"es_ES\" \/>\n<meta property=\"og:type\" content=\"article\" \/>\n<meta property=\"og:title\" content=\"Contacto y calendario - MP Adwokaci\" \/>\n<meta property=\"og:description\" content=\"[vc_row css=&#8221;.vc_custom_1606073284153{margin-bottom: 0px !important;padding-bottom: 0px !important;}&#8221;][vc_column css=&#8221;.vc_custom_1570013888774{margin-bottom: 0px !important;padding-bottom: 0px !important;}&#8221;][vc_custom_heading text=&#8221;Calendario&#8221; font_container=&#8221;tag:h3|text_align:left&#8221;][vc_column_text]\u00bfQuieres comentar tu problema legal sin salir de casa? \u00bfNo puedes llamar para citar? Reserva una cita en el calendario y escr\u00edbenos un correo con tu pregunta, asunto [&hellip;]\" \/>\n<meta property=\"og:url\" content=\"https:\/\/mpadwokaci.eu\/es\/calendario-y-contacto\/\" \/>\n<meta property=\"og:site_name\" content=\"MP Adwokaci\" \/>\n<meta property=\"article:publisher\" content=\"https:\/\/www.facebook.com\/MPAdwokaci\" \/>\n<meta property=\"article:modified_time\" content=\"2021-01-11T16:25:38+00:00\" \/>\n<meta name=\"twitter:card\" content=\"summary_large_image\" \/>\n<meta name=\"twitter:label1\" content=\"Tiempo de lectura\" \/>\n\t<meta name=\"twitter:data1\" content=\"2 minutos\" \/>\n<script type=\"application\/ld+json\" class=\"yoast-schema-graph\">{\"@context\":\"https:\/\/schema.org\",\"@graph\":[{\"@type\":\"WebPage\",\"@id\":\"https:\/\/mpadwokaci.eu\/es\/calendario-y-contacto\/\",\"url\":\"https:\/\/mpadwokaci.eu\/es\/calendario-y-contacto\/\",\"name\":\"Contacto y calendario - MP Adwokaci\",\"isPartOf\":{\"@id\":\"https:\/\/mpadwokaci.eu\/#website\"},\"datePublished\":\"2021-01-05T17:21:26+00:00\",\"dateModified\":\"2021-01-11T16:25:38+00:00\",\"breadcrumb\":{\"@id\":\"https:\/\/mpadwokaci.eu\/es\/calendario-y-contacto\/#breadcrumb\"},\"inLanguage\":\"es\",\"potentialAction\":[{\"@type\":\"ReadAction\",\"target\":[\"https:\/\/mpadwokaci.eu\/es\/calendario-y-contacto\/\"]}]},{\"@type\":\"BreadcrumbList\",\"@id\":\"https:\/\/mpadwokaci.eu\/es\/calendario-y-contacto\/#breadcrumb\",\"itemListElement\":[{\"@type\":\"ListItem\",\"position\":1,\"name\":\"Strona g\u0142\u00f3wna\",\"item\":\"https:\/\/mpadwokaci.eu\/es\/\"},{\"@type\":\"ListItem\",\"position\":2,\"name\":\"Contacto y calendario\"}]},{\"@type\":\"WebSite\",\"@id\":\"https:\/\/mpadwokaci.eu\/#website\",\"url\":\"https:\/\/mpadwokaci.eu\/\",\"name\":\"MP Adwokaci\",\"description\":\"\",\"publisher\":{\"@id\":\"https:\/\/mpadwokaci.eu\/#organization\"},\"potentialAction\":[{\"@type\":\"SearchAction\",\"target\":{\"@type\":\"EntryPoint\",\"urlTemplate\":\"https:\/\/mpadwokaci.eu\/?s={search_term_string}\"},\"query-input\":\"required name=search_term_string\"}],\"inLanguage\":\"es\"},{\"@type\":\"Organization\",\"@id\":\"https:\/\/mpadwokaci.eu\/#organization\",\"name\":\"MP Adwokaci\",\"url\":\"https:\/\/mpadwokaci.eu\/\",\"logo\":{\"@type\":\"ImageObject\",\"inLanguage\":\"es\",\"@id\":\"https:\/\/mpadwokaci.eu\/#\/schema\/logo\/image\/\",\"url\":\"https:\/\/mpadwokaci.eu\/wp-content\/uploads\/2020\/11\/MPA-logo-white-e1605855541776.png\",\"contentUrl\":\"https:\/\/mpadwokaci.eu\/wp-content\/uploads\/2020\/11\/MPA-logo-white-e1605855541776.png\",\"width\":300,\"height\":168,\"caption\":\"MP Adwokaci\"},\"image\":{\"@id\":\"https:\/\/mpadwokaci.eu\/#\/schema\/logo\/image\/\"},\"sameAs\":[\"https:\/\/www.facebook.com\/MPAdwokaci\",\"https:\/\/www.linkedin.com\/company\/mpadwokaci\/\"]}]}<\/script>\n<!-- \/ Yoast SEO plugin. -->","yoast_head_json":{"title":"Contacto y calendario - MP Adwokaci","robots":{"index":"index","follow":"follow","max-snippet":"max-snippet:-1","max-image-preview":"max-image-preview:large","max-video-preview":"max-video-preview:-1"},"canonical":"https:\/\/mpadwokaci.eu\/es\/calendario-y-contacto\/","og_locale":"es_ES","og_type":"article","og_title":"Contacto y calendario - MP Adwokaci","og_description":"[vc_row css=&#8221;.vc_custom_1606073284153{margin-bottom: 0px !important;padding-bottom: 0px !important;}&#8221;][vc_column css=&#8221;.vc_custom_1570013888774{margin-bottom: 0px !important;padding-bottom: 0px !important;}&#8221;][vc_custom_heading text=&#8221;Calendario&#8221; font_container=&#8221;tag:h3|text_align:left&#8221;][vc_column_text]\u00bfQuieres comentar tu problema legal sin salir de casa? \u00bfNo puedes llamar para citar? Reserva una cita en el calendario y escr\u00edbenos un correo con tu pregunta, asunto [&hellip;]","og_url":"https:\/\/mpadwokaci.eu\/es\/calendario-y-contacto\/","og_site_name":"MP Adwokaci","article_publisher":"https:\/\/www.facebook.com\/MPAdwokaci","article_modified_time":"2021-01-11T16:25:38+00:00","twitter_card":"summary_large_image","twitter_misc":{"Tiempo de lectura":"2 minutos"},"schema":{"@context":"https:\/\/schema.org","@graph":[{"@type":"WebPage","@id":"https:\/\/mpadwokaci.eu\/es\/calendario-y-contacto\/","url":"https:\/\/mpadwokaci.eu\/es\/calendario-y-contacto\/","name":"Contacto y calendario - MP Adwokaci","isPartOf":{"@id":"https:\/\/mpadwokaci.eu\/#website"},"datePublished":"2021-01-05T17:21:26+00:00","dateModified":"2021-01-11T16:25:38+00:00","breadcrumb":{"@id":"https:\/\/mpadwokaci.eu\/es\/calendario-y-contacto\/#breadcrumb"},"inLanguage":"es","potentialAction":[{"@type":"ReadAction","target":["https:\/\/mpadwokaci.eu\/es\/calendario-y-contacto\/"]}]},{"@type":"BreadcrumbList","@id":"https:\/\/mpadwokaci.eu\/es\/calendario-y-contacto\/#breadcrumb","itemListElement":[{"@type":"ListItem","position":1,"name":"Strona g\u0142\u00f3wna","item":"https:\/\/mpadwokaci.eu\/es\/"},{"@type":"ListItem","position":2,"name":"Contacto y calendario"}]},{"@type":"WebSite","@id":"https:\/\/mpadwokaci.eu\/#website","url":"https:\/\/mpadwokaci.eu\/","name":"MP Adwokaci","description":"","publisher":{"@id":"https:\/\/mpadwokaci.eu\/#organization"},"potentialAction":[{"@type":"SearchAction","target":{"@type":"EntryPoint","urlTemplate":"https:\/\/mpadwokaci.eu\/?s={search_term_string}"},"query-input":"required name=search_term_string"}],"inLanguage":"es"},{"@type":"Organization","@id":"https:\/\/mpadwokaci.eu\/#organization","name":"MP Adwokaci","url":"https:\/\/mpadwokaci.eu\/","logo":{"@type":"ImageObject","inLanguage":"es","@id":"https:\/\/mpadwokaci.eu\/#\/schema\/logo\/image\/","url":"https:\/\/mpadwokaci.eu\/wp-content\/uploads\/2020\/11\/MPA-logo-white-e1605855541776.png","contentUrl":"https:\/\/mpadwokaci.eu\/wp-content\/uploads\/2020\/11\/MPA-logo-white-e1605855541776.png","width":300,"height":168,"caption":"MP Adwokaci"},"image":{"@id":"https:\/\/mpadwokaci.eu\/#\/schema\/logo\/image\/"},"sameAs":["https:\/\/www.facebook.com\/MPAdwokaci","https:\/\/www.linkedin.com\/company\/mpadwokaci\/"]}]}},"_links":{"self":[{"href":"https:\/\/mpadwokaci.eu\/es\/wp-json\/wp\/v2\/pages\/793"}],"collection":[{"href":"https:\/\/mpadwokaci.eu\/es\/wp-json\/wp\/v2\/pages"}],"about":[{"href":"https:\/\/mpadwokaci.eu\/es\/wp-json\/wp\/v2\/types\/page"}],"author":[{"embeddable":true,"href":"https:\/\/mpadwokaci.eu\/es\/wp-json\/wp\/v2\/users\/1"}],"replies":[{"embeddable":true,"href":"https:\/\/mpadwokaci.eu\/es\/wp-json\/wp\/v2\/comments?post=793"}],"version-history":[{"count":0,"href":"https:\/\/mpadwokaci.eu\/es\/wp-json\/wp\/v2\/pages\/793\/revisions"}],"wp:attachment":[{"href":"https:\/\/mpadwokaci.eu\/es\/wp-json\/wp\/v2\/media?parent=793"}],"curies":[{"name":"wp","href":"https:\/\/api.w.org\/{rel}","templated":true}]}}