{"id":789,"date":"2021-01-05T18:19:18","date_gmt":"2021-01-05T17:19:18","guid":{"rendered":"https:\/\/mpadwokaci.eu\/empresarios\/"},"modified":"2021-01-05T19:25:10","modified_gmt":"2021-01-05T18:25:10","slug":"empresarios","status":"publish","type":"page","link":"https:\/\/mpadwokaci.eu\/es\/servicios\/empresarios\/","title":{"rendered":"Empresarios"},"content":{"rendered":"<div class=\"wpb-content-wrapper\"><p>[vc_row][vc_column width=&#8221;1\/2&#8243;][vc_single_image image=&#8221;643&#8243;][\/vc_column][vc_column width=&#8221;1\/2&#8243;][vc_custom_heading text=&#8221;CON\u00d3CENOS&#8221; font_container=&#8221;tag:h4|text_align:left|color:%23000000&#8243;][vc_custom_heading text=&#8221;QUE VA A GANAR TU EMPRESA&#8221; font_container=&#8221;tag:h2|font_size:36px|text_align:left|color:%23000000&#8243;][vc_column_text]Ofrecemos servicios legales a los empresarios y las empresas de varios ramos.<\/p>\n<p>Preparamos contratos y reglamentos, entre otros proyectos de contratos de sociedad de compa\u00f1\u00edas, contratos con contrayentes polacos y extranjeros. Aconsejamos que negociar en contratos proporcionados por otra parte.[\/vc_column_text][\/vc_column][\/vc_row][vc_row full_width=&#8221;stretch_row&#8221; css=&#8221;.vc_custom_1607595420665{padding-top: 80px !important;padding-bottom: 80px !important;}&#8221;][vc_column width=&#8221;1\/4&#8243;][cl_service_icon_small icon=&#8221;cl-icon-checkbox-marked-circle-outline&#8221; title=&#8221;&#8221; link=&#8221;&#8221;]<\/p>\n<h4><strong><a href=\"https:\/\/mpadwokaci.eu\/es\/servicios\/empresarios\/\">Obs\u0142uga przedsi\u0119biorc\u00f3w<\/a><\/strong><\/h4>\n<p>[\/cl_service_icon_small][\/vc_column][vc_column width=&#8221;1\/4&#8243;][cl_service_icon_small icon=&#8221;cl-icon-checkbox-marked-circle-outline&#8221; title=&#8221;&#8221;]<\/p>\n<h4><strong><a href=\"https:\/\/mpadwokaci.eu\/es\/servicios\/cliente-particular\/servicio-legal-para-extranjeros\/\">Obs\u0142uga cudzoziemc\u00f3w<\/a><\/strong><\/h4>\n<p>[\/cl_service_icon_small][\/vc_column][vc_column width=&#8221;1\/4&#8243;][cl_service_icon_small icon=&#8221;cl-icon-checkbox-marked-circle-outline&#8221; title=&#8221;&#8221; link=&#8221;https:\/\/mpadwokaci.eu\/uslugi\/klient-indywidualny\/prawo-karne\/&#8221;]<\/p>\n<h4><strong><a href=\"https:\/\/mpadwokaci.eu\/es\/cliente-particular\/derecho-penal\/\">Prawo karne<\/a><\/strong><\/h4>\n<p>[\/cl_service_icon_small][\/vc_column][vc_column width=&#8221;1\/4&#8243;][cl_service_icon_small icon=&#8221;cl-icon-checkbox-marked-circle-outline&#8221; title=&#8221;&#8221; link=&#8221;https:\/\/mpadwokaci.eu\/uslugi\/klient-indywidualny\/prawo-cywilne\/&#8221;]<\/p>\n<h4><strong><a href=\"https:\/\/mpadwokaci.eu\/es\/cliente-particular\/derecho-civil\/\">Prawo cywilne<\/a><\/strong><\/h4>\n<p>[\/cl_service_icon_small][\/vc_column][\/vc_row][vc_row full_width=&#8221;stretch_row&#8221; css=&#8221;.vc_custom_1569949287941{padding-top: 80px !important;padding-bottom: 80px !important;background-color: #fbfbfb !important;}&#8221;][vc_column][cl_button text=&#8221;Haga una cita&#8221; link=&#8221;https:\/\/mpadwokaci.eu\/es\/calendario-y-contacto\/&#8221;][\/vc_column][\/vc_row][vc_row][vc_column width=&#8221;1\/2&#8243;][vc_custom_heading text=&#8221;EXPERIENCIA&#8221; font_container=&#8221;tag:h4|text_align:left|color:%23000000&#8243;][vc_custom_heading text=&#8221;QUE M\u00c1S PODEMOS HACER&#8221; font_container=&#8221;tag:h2|font_size:36px|text_align:left|color:%23000000&#8243;][vc_column_text]Redactamos documentos para los \u00f3rganos estatales, representamos en juicio contra consumidores o otras empresas, implementamos RGPD.<\/p>\n<p>Hasta ahora atendimos ramo automotivo, industria alimentaria, de la belleza, IT o de la construcci\u00f3n, sindicatos y empresas de nueva creaci\u00f3n.<\/p>\n<p>Organizamos tambi\u00e9n talleres para los empresarios y sus empleados.[\/vc_column_text][\/vc_column][vc_column width=&#8221;1\/2&#8243;][vc_single_image image=&#8221;646&#8243;][\/vc_column][\/vc_row][vc_row full_width=&#8221;stretch_row&#8221; css=&#8221;.vc_custom_1569949287941{padding-top: 80px !important;padding-bottom: 80px !important;background-color: #fbfbfb !important;}&#8221;][vc_column width=&#8221;1\/2&#8243;][vc_custom_heading text=&#8221;\u00bfQu\u00e9 m\u00e1s?&#8221; font_container=&#8221;tag:h4|text_align:center&#8221;][vc_custom_heading text=&#8221;SOLICITA UNA CITA&#8221; font_container=&#8221;tag:h3|text_align:center&#8221;][\/vc_column][vc_column width=&#8221;1\/2&#8243;][cl_button text=&#8221;Calendario&#8221; link=&#8221;https:\/\/mpadwokaci.eu\/es\/calendario-y-contacto\/&#8221;][\/vc_column][\/vc_row][vc_row full_width=&#8221;stretch_row&#8221; css=&#8221;.vc_custom_1569949287941{padding-top: 80px !important;padding-bottom: 80px !important;background-color: #fbfbfb !important;}&#8221;][vc_column][\/vc_column][\/vc_row]<\/p>\n<\/div>","protected":false},"excerpt":{"rendered":"<p>[vc_row][vc_column width=&#8221;1\/2&#8243;][vc_single_image image=&#8221;643&#8243;][\/vc_column][vc_column width=&#8221;1\/2&#8243;][vc_custom_heading text=&#8221;CON\u00d3CENOS&#8221; font_container=&#8221;tag:h4|text_align:left|color:%23000000&#8243;][vc_custom_heading text=&#8221;QUE VA A GANAR TU EMPRESA&#8221; font_container=&#8221;tag:h2|font_size:36px|text_align:left|color:%23000000&#8243;][vc_column_text]Ofrecemos servicios legales a los empresarios y las empresas de varios ramos. Preparamos contratos y reglamentos, entre otros proyectos de contratos de sociedad de compa\u00f1\u00edas, contratos con contrayentes [&hellip;]<\/p>\n","protected":false},"author":1,"featured_media":0,"parent":848,"menu_order":0,"comment_status":"closed","ping_status":"closed","template":"","meta":{"footnotes":""},"yoast_head":"<!-- This site is optimized with the Yoast SEO plugin v21.9.1 - https:\/\/yoast.com\/wordpress\/plugins\/seo\/ -->\n<title>Empresarios - MP Adwokaci<\/title>\n<meta name=\"robots\" content=\"index, follow, max-snippet:-1, max-image-preview:large, max-video-preview:-1\" \/>\n<link rel=\"canonical\" href=\"https:\/\/mpadwokaci.eu\/es\/uslugi\/klient-firmowy\/\" \/>\n<meta property=\"og:locale\" content=\"es_ES\" \/>\n<meta property=\"og:type\" content=\"article\" \/>\n<meta property=\"og:title\" content=\"Empresarios - MP Adwokaci\" \/>\n<meta property=\"og:description\" content=\"[vc_row][vc_column width=&#8221;1\/2&#8243;][vc_single_image image=&#8221;643&#8243;][\/vc_column][vc_column width=&#8221;1\/2&#8243;][vc_custom_heading text=&#8221;CON\u00d3CENOS&#8221; font_container=&#8221;tag:h4|text_align:left|color:%23000000&#8243;][vc_custom_heading text=&#8221;QUE VA A GANAR TU EMPRESA&#8221; font_container=&#8221;tag:h2|font_size:36px|text_align:left|color:%23000000&#8243;][vc_column_text]Ofrecemos servicios legales a los empresarios y las empresas de varios ramos. Preparamos contratos y reglamentos, entre otros proyectos de contratos de sociedad de compa\u00f1\u00edas, contratos con contrayentes [&hellip;]\" \/>\n<meta property=\"og:url\" content=\"https:\/\/mpadwokaci.eu\/uslugi\/klient-firmowy\/\" \/>\n<meta property=\"og:site_name\" content=\"MP Adwokaci\" \/>\n<meta property=\"article:publisher\" content=\"https:\/\/www.facebook.com\/MPAdwokaci\" \/>\n<meta property=\"article:modified_time\" content=\"2021-01-05T18:25:10+00:00\" \/>\n<meta name=\"twitter:card\" content=\"summary_large_image\" \/>\n<meta name=\"twitter:label1\" content=\"Tiempo de lectura\" \/>\n\t<meta name=\"twitter:data1\" content=\"2 minutos\" \/>\n<script type=\"application\/ld+json\" class=\"yoast-schema-graph\">{\"@context\":\"https:\/\/schema.org\",\"@graph\":[{\"@type\":\"WebPage\",\"@id\":\"https:\/\/mpadwokaci.eu\/uslugi\/klient-firmowy\/\",\"url\":\"https:\/\/mpadwokaci.eu\/uslugi\/klient-firmowy\/\",\"name\":\"Empresarios - MP Adwokaci\",\"isPartOf\":{\"@id\":\"https:\/\/mpadwokaci.eu\/#website\"},\"datePublished\":\"2021-01-05T17:19:18+00:00\",\"dateModified\":\"2021-01-05T18:25:10+00:00\",\"breadcrumb\":{\"@id\":\"https:\/\/mpadwokaci.eu\/uslugi\/klient-firmowy\/#breadcrumb\"},\"inLanguage\":\"es\",\"potentialAction\":[{\"@type\":\"ReadAction\",\"target\":[\"https:\/\/mpadwokaci.eu\/uslugi\/klient-firmowy\/\"]}]},{\"@type\":\"BreadcrumbList\",\"@id\":\"https:\/\/mpadwokaci.eu\/uslugi\/klient-firmowy\/#breadcrumb\",\"itemListElement\":[{\"@type\":\"ListItem\",\"position\":1,\"name\":\"Strona g\u0142\u00f3wna\",\"item\":\"https:\/\/mpadwokaci.eu\/es\/\"},{\"@type\":\"ListItem\",\"position\":2,\"name\":\"Servicios\",\"item\":\"https:\/\/mpadwokaci.eu\/uslugi\/\"},{\"@type\":\"ListItem\",\"position\":3,\"name\":\"Empresarios\"}]},{\"@type\":\"WebSite\",\"@id\":\"https:\/\/mpadwokaci.eu\/#website\",\"url\":\"https:\/\/mpadwokaci.eu\/\",\"name\":\"MP Adwokaci\",\"description\":\"\",\"publisher\":{\"@id\":\"https:\/\/mpadwokaci.eu\/#organization\"},\"potentialAction\":[{\"@type\":\"SearchAction\",\"target\":{\"@type\":\"EntryPoint\",\"urlTemplate\":\"https:\/\/mpadwokaci.eu\/?s={search_term_string}\"},\"query-input\":\"required name=search_term_string\"}],\"inLanguage\":\"es\"},{\"@type\":\"Organization\",\"@id\":\"https:\/\/mpadwokaci.eu\/#organization\",\"name\":\"MP Adwokaci\",\"url\":\"https:\/\/mpadwokaci.eu\/\",\"logo\":{\"@type\":\"ImageObject\",\"inLanguage\":\"es\",\"@id\":\"https:\/\/mpadwokaci.eu\/#\/schema\/logo\/image\/\",\"url\":\"https:\/\/mpadwokaci.eu\/wp-content\/uploads\/2020\/11\/MPA-logo-white-e1605855541776.png\",\"contentUrl\":\"https:\/\/mpadwokaci.eu\/wp-content\/uploads\/2020\/11\/MPA-logo-white-e1605855541776.png\",\"width\":300,\"height\":168,\"caption\":\"MP Adwokaci\"},\"image\":{\"@id\":\"https:\/\/mpadwokaci.eu\/#\/schema\/logo\/image\/\"},\"sameAs\":[\"https:\/\/www.facebook.com\/MPAdwokaci\",\"https:\/\/www.linkedin.com\/company\/mpadwokaci\/\"]}]}<\/script>\n<!-- \/ Yoast SEO plugin. -->","yoast_head_json":{"title":"Empresarios - MP Adwokaci","robots":{"index":"index","follow":"follow","max-snippet":"max-snippet:-1","max-image-preview":"max-image-preview:large","max-video-preview":"max-video-preview:-1"},"canonical":"https:\/\/mpadwokaci.eu\/es\/uslugi\/klient-firmowy\/","og_locale":"es_ES","og_type":"article","og_title":"Empresarios - MP Adwokaci","og_description":"[vc_row][vc_column width=&#8221;1\/2&#8243;][vc_single_image image=&#8221;643&#8243;][\/vc_column][vc_column width=&#8221;1\/2&#8243;][vc_custom_heading text=&#8221;CON\u00d3CENOS&#8221; font_container=&#8221;tag:h4|text_align:left|color:%23000000&#8243;][vc_custom_heading text=&#8221;QUE VA A GANAR TU EMPRESA&#8221; font_container=&#8221;tag:h2|font_size:36px|text_align:left|color:%23000000&#8243;][vc_column_text]Ofrecemos servicios legales a los empresarios y las empresas de varios ramos. Preparamos contratos y reglamentos, entre otros proyectos de contratos de sociedad de compa\u00f1\u00edas, contratos con contrayentes [&hellip;]","og_url":"https:\/\/mpadwokaci.eu\/uslugi\/klient-firmowy\/","og_site_name":"MP Adwokaci","article_publisher":"https:\/\/www.facebook.com\/MPAdwokaci","article_modified_time":"2021-01-05T18:25:10+00:00","twitter_card":"summary_large_image","twitter_misc":{"Tiempo de lectura":"2 minutos"},"schema":{"@context":"https:\/\/schema.org","@graph":[{"@type":"WebPage","@id":"https:\/\/mpadwokaci.eu\/uslugi\/klient-firmowy\/","url":"https:\/\/mpadwokaci.eu\/uslugi\/klient-firmowy\/","name":"Empresarios - MP Adwokaci","isPartOf":{"@id":"https:\/\/mpadwokaci.eu\/#website"},"datePublished":"2021-01-05T17:19:18+00:00","dateModified":"2021-01-05T18:25:10+00:00","breadcrumb":{"@id":"https:\/\/mpadwokaci.eu\/uslugi\/klient-firmowy\/#breadcrumb"},"inLanguage":"es","potentialAction":[{"@type":"ReadAction","target":["https:\/\/mpadwokaci.eu\/uslugi\/klient-firmowy\/"]}]},{"@type":"BreadcrumbList","@id":"https:\/\/mpadwokaci.eu\/uslugi\/klient-firmowy\/#breadcrumb","itemListElement":[{"@type":"ListItem","position":1,"name":"Strona g\u0142\u00f3wna","item":"https:\/\/mpadwokaci.eu\/es\/"},{"@type":"ListItem","position":2,"name":"Servicios","item":"https:\/\/mpadwokaci.eu\/uslugi\/"},{"@type":"ListItem","position":3,"name":"Empresarios"}]},{"@type":"WebSite","@id":"https:\/\/mpadwokaci.eu\/#website","url":"https:\/\/mpadwokaci.eu\/","name":"MP Adwokaci","description":"","publisher":{"@id":"https:\/\/mpadwokaci.eu\/#organization"},"potentialAction":[{"@type":"SearchAction","target":{"@type":"EntryPoint","urlTemplate":"https:\/\/mpadwokaci.eu\/?s={search_term_string}"},"query-input":"required name=search_term_string"}],"inLanguage":"es"},{"@type":"Organization","@id":"https:\/\/mpadwokaci.eu\/#organization","name":"MP Adwokaci","url":"https:\/\/mpadwokaci.eu\/","logo":{"@type":"ImageObject","inLanguage":"es","@id":"https:\/\/mpadwokaci.eu\/#\/schema\/logo\/image\/","url":"https:\/\/mpadwokaci.eu\/wp-content\/uploads\/2020\/11\/MPA-logo-white-e1605855541776.png","contentUrl":"https:\/\/mpadwokaci.eu\/wp-content\/uploads\/2020\/11\/MPA-logo-white-e1605855541776.png","width":300,"height":168,"caption":"MP Adwokaci"},"image":{"@id":"https:\/\/mpadwokaci.eu\/#\/schema\/logo\/image\/"},"sameAs":["https:\/\/www.facebook.com\/MPAdwokaci","https:\/\/www.linkedin.com\/company\/mpadwokaci\/"]}]}},"_links":{"self":[{"href":"https:\/\/mpadwokaci.eu\/es\/wp-json\/wp\/v2\/pages\/789"}],"collection":[{"href":"https:\/\/mpadwokaci.eu\/es\/wp-json\/wp\/v2\/pages"}],"about":[{"href":"https:\/\/mpadwokaci.eu\/es\/wp-json\/wp\/v2\/types\/page"}],"author":[{"embeddable":true,"href":"https:\/\/mpadwokaci.eu\/es\/wp-json\/wp\/v2\/users\/1"}],"replies":[{"embeddable":true,"href":"https:\/\/mpadwokaci.eu\/es\/wp-json\/wp\/v2\/comments?post=789"}],"version-history":[{"count":0,"href":"https:\/\/mpadwokaci.eu\/es\/wp-json\/wp\/v2\/pages\/789\/revisions"}],"up":[{"embeddable":true,"href":"https:\/\/mpadwokaci.eu\/es\/wp-json\/wp\/v2\/pages\/848"}],"wp:attachment":[{"href":"https:\/\/mpadwokaci.eu\/es\/wp-json\/wp\/v2\/media?parent=789"}],"curies":[{"name":"wp","href":"https:\/\/api.w.org\/{rel}","templated":true}]}}