{"id":781,"date":"2021-01-05T18:10:21","date_gmt":"2021-01-05T17:10:21","guid":{"rendered":"https:\/\/mpadwokaci.eu\/cliente-particular\/derecho-penal\/"},"modified":"2021-01-05T18:26:31","modified_gmt":"2021-01-05T17:26:31","slug":"derecho-penal","status":"publish","type":"page","link":"https:\/\/mpadwokaci.eu\/es\/servicios\/cliente-particular\/derecho-penal\/","title":{"rendered":"Derecho penal"},"content":{"rendered":"<div class=\"wpb-content-wrapper\"><p>[vc_row][vc_column width=&#8221;1\/2&#8243;][vc_single_image image=&#8221;643&#8243;][\/vc_column][vc_column width=&#8221;1\/2&#8243;][vc_custom_heading text=&#8221;Derecho penal&#8221; font_container=&#8221;tag:h4|text_align:left|color:%23000000&#8243;][vc_custom_heading text=&#8221;\u00bfQu\u00e9 ayuda en el campo del derecho penal obtendr\u00e1 de nosotros?&#8221; font_container=&#8221;tag:h2|font_size:36px|text_align:left|color:%23000000&#8243;][vc_column_text]Actuamos en defensa del acusado y como representantes del perjudicado por el delito en el juicio penal. Obramos en la fase de instrucci\u00f3n preliminar, tambi\u00e9n como defensor del procesado y en la fase de ejecuci\u00f3n. Preparamos mociones de interrupci\u00f3n en ejecuci\u00f3n de la pena y de pr\u00f3rroga de ejecuci\u00f3n de la pena de privaci\u00f3n de libertad. Participamos en sesiones de detenci\u00f3n.<br \/>\nLlevamos entre otros pleitos de grupos criminales organizados, tr\u00e1fico de drogas, lesiones graves y robos con violencia, atentados contra los funcionarios p\u00fablicos, robos de coches, fracturas, delitos contra la seguridad vial o contra la libertad sexuales. Representamos clientes en procesos sobre delitos fiscales, tambi\u00e9n sobre \u2018fraudes carrusel\u2019.[\/vc_column_text][\/vc_column][\/vc_row][vc_row full_width=&#8221;stretch_row&#8221; css=&#8221;.vc_custom_1569949287941{padding-top: 80px !important;padding-bottom: 80px !important;background-color: #fbfbfb !important;}&#8221;][vc_column width=&#8221;1\/2&#8243;][vc_custom_heading text=&#8221;\u00bfQu\u00e9 m\u00e1s?&#8221; font_container=&#8221;tag:h4|text_align:center&#8221;][vc_custom_heading text=&#8221;SOLICITA UNA CITA&#8221; font_container=&#8221;tag:h3|text_align:center&#8221;][\/vc_column][vc_column width=&#8221;1\/2&#8243;][cl_button text=&#8221;Calendario&#8221; link=&#8221;https:\/\/mpadwokaci.eu\/es\/calendario-y-contacto\/&#8221;][\/vc_column][\/vc_row][vc_row full_width=&#8221;stretch_row&#8221; css=&#8221;.vc_custom_1569949287941{padding-top: 80px !important;padding-bottom: 80px !important;background-color: #fbfbfb !important;}&#8221;][vc_column][\/vc_column][\/vc_row]<\/p>\n<\/div>","protected":false},"excerpt":{"rendered":"<p>[vc_row][vc_column width=&#8221;1\/2&#8243;][vc_single_image image=&#8221;643&#8243;][\/vc_column][vc_column width=&#8221;1\/2&#8243;][vc_custom_heading text=&#8221;Derecho penal&#8221; font_container=&#8221;tag:h4|text_align:left|color:%23000000&#8243;][vc_custom_heading text=&#8221;\u00bfQu\u00e9 ayuda en el campo del derecho penal obtendr\u00e1 de nosotros?&#8221; font_container=&#8221;tag:h2|font_size:36px|text_align:left|color:%23000000&#8243;][vc_column_text]Actuamos en defensa del acusado y como representantes del perjudicado por el delito en el juicio penal. Obramos en la fase de [&hellip;]<\/p>\n","protected":false},"author":1,"featured_media":0,"parent":760,"menu_order":0,"comment_status":"closed","ping_status":"closed","template":"","meta":{"footnotes":""},"yoast_head":"<!-- This site is optimized with the Yoast SEO plugin v21.9.1 - https:\/\/yoast.com\/wordpress\/plugins\/seo\/ -->\n<title>Derecho penal - MP Adwokaci<\/title>\n<meta name=\"robots\" content=\"index, follow, max-snippet:-1, max-image-preview:large, max-video-preview:-1\" \/>\n<link rel=\"canonical\" href=\"https:\/\/mpadwokaci.eu\/es\/uslugi\/klient-indywidualny\/prawo-karne\/\" \/>\n<meta property=\"og:locale\" content=\"es_ES\" \/>\n<meta property=\"og:type\" content=\"article\" \/>\n<meta property=\"og:title\" content=\"Derecho penal - MP Adwokaci\" \/>\n<meta property=\"og:description\" content=\"[vc_row][vc_column width=&#8221;1\/2&#8243;][vc_single_image image=&#8221;643&#8243;][\/vc_column][vc_column width=&#8221;1\/2&#8243;][vc_custom_heading text=&#8221;Derecho penal&#8221; font_container=&#8221;tag:h4|text_align:left|color:%23000000&#8243;][vc_custom_heading text=&#8221;\u00bfQu\u00e9 ayuda en el campo del derecho penal obtendr\u00e1 de nosotros?&#8221; font_container=&#8221;tag:h2|font_size:36px|text_align:left|color:%23000000&#8243;][vc_column_text]Actuamos en defensa del acusado y como representantes del perjudicado por el delito en el juicio penal. Obramos en la fase de [&hellip;]\" \/>\n<meta property=\"og:url\" content=\"https:\/\/mpadwokaci.eu\/uslugi\/klient-indywidualny\/prawo-karne\/\" \/>\n<meta property=\"og:site_name\" content=\"MP Adwokaci\" \/>\n<meta property=\"article:publisher\" content=\"https:\/\/www.facebook.com\/MPAdwokaci\" \/>\n<meta property=\"article:modified_time\" content=\"2021-01-05T17:26:31+00:00\" \/>\n<meta name=\"twitter:card\" content=\"summary_large_image\" \/>\n<meta name=\"twitter:label1\" content=\"Tiempo de lectura\" \/>\n\t<meta name=\"twitter:data1\" content=\"1 minuto\" \/>\n<script type=\"application\/ld+json\" class=\"yoast-schema-graph\">{\"@context\":\"https:\/\/schema.org\",\"@graph\":[{\"@type\":\"WebPage\",\"@id\":\"https:\/\/mpadwokaci.eu\/uslugi\/klient-indywidualny\/prawo-karne\/\",\"url\":\"https:\/\/mpadwokaci.eu\/uslugi\/klient-indywidualny\/prawo-karne\/\",\"name\":\"Derecho penal - MP Adwokaci\",\"isPartOf\":{\"@id\":\"https:\/\/mpadwokaci.eu\/#website\"},\"datePublished\":\"2021-01-05T17:10:21+00:00\",\"dateModified\":\"2021-01-05T17:26:31+00:00\",\"breadcrumb\":{\"@id\":\"https:\/\/mpadwokaci.eu\/uslugi\/klient-indywidualny\/prawo-karne\/#breadcrumb\"},\"inLanguage\":\"es\",\"potentialAction\":[{\"@type\":\"ReadAction\",\"target\":[\"https:\/\/mpadwokaci.eu\/uslugi\/klient-indywidualny\/prawo-karne\/\"]}]},{\"@type\":\"BreadcrumbList\",\"@id\":\"https:\/\/mpadwokaci.eu\/uslugi\/klient-indywidualny\/prawo-karne\/#breadcrumb\",\"itemListElement\":[{\"@type\":\"ListItem\",\"position\":1,\"name\":\"Strona g\u0142\u00f3wna\",\"item\":\"https:\/\/mpadwokaci.eu\/es\/\"},{\"@type\":\"ListItem\",\"position\":2,\"name\":\"Servicios\",\"item\":\"https:\/\/mpadwokaci.eu\/uslugi\/\"},{\"@type\":\"ListItem\",\"position\":3,\"name\":\"Cliente particular\",\"item\":\"https:\/\/mpadwokaci.eu\/uslugi\/klient-indywidualny\/\"},{\"@type\":\"ListItem\",\"position\":4,\"name\":\"Derecho penal\"}]},{\"@type\":\"WebSite\",\"@id\":\"https:\/\/mpadwokaci.eu\/#website\",\"url\":\"https:\/\/mpadwokaci.eu\/\",\"name\":\"MP Adwokaci\",\"description\":\"\",\"publisher\":{\"@id\":\"https:\/\/mpadwokaci.eu\/#organization\"},\"potentialAction\":[{\"@type\":\"SearchAction\",\"target\":{\"@type\":\"EntryPoint\",\"urlTemplate\":\"https:\/\/mpadwokaci.eu\/?s={search_term_string}\"},\"query-input\":\"required name=search_term_string\"}],\"inLanguage\":\"es\"},{\"@type\":\"Organization\",\"@id\":\"https:\/\/mpadwokaci.eu\/#organization\",\"name\":\"MP Adwokaci\",\"url\":\"https:\/\/mpadwokaci.eu\/\",\"logo\":{\"@type\":\"ImageObject\",\"inLanguage\":\"es\",\"@id\":\"https:\/\/mpadwokaci.eu\/#\/schema\/logo\/image\/\",\"url\":\"https:\/\/mpadwokaci.eu\/wp-content\/uploads\/2020\/11\/MPA-logo-white-e1605855541776.png\",\"contentUrl\":\"https:\/\/mpadwokaci.eu\/wp-content\/uploads\/2020\/11\/MPA-logo-white-e1605855541776.png\",\"width\":300,\"height\":168,\"caption\":\"MP Adwokaci\"},\"image\":{\"@id\":\"https:\/\/mpadwokaci.eu\/#\/schema\/logo\/image\/\"},\"sameAs\":[\"https:\/\/www.facebook.com\/MPAdwokaci\",\"https:\/\/www.linkedin.com\/company\/mpadwokaci\/\"]}]}<\/script>\n<!-- \/ Yoast SEO plugin. -->","yoast_head_json":{"title":"Derecho penal - MP Adwokaci","robots":{"index":"index","follow":"follow","max-snippet":"max-snippet:-1","max-image-preview":"max-image-preview:large","max-video-preview":"max-video-preview:-1"},"canonical":"https:\/\/mpadwokaci.eu\/es\/uslugi\/klient-indywidualny\/prawo-karne\/","og_locale":"es_ES","og_type":"article","og_title":"Derecho penal - MP Adwokaci","og_description":"[vc_row][vc_column width=&#8221;1\/2&#8243;][vc_single_image image=&#8221;643&#8243;][\/vc_column][vc_column width=&#8221;1\/2&#8243;][vc_custom_heading text=&#8221;Derecho penal&#8221; font_container=&#8221;tag:h4|text_align:left|color:%23000000&#8243;][vc_custom_heading text=&#8221;\u00bfQu\u00e9 ayuda en el campo del derecho penal obtendr\u00e1 de nosotros?&#8221; font_container=&#8221;tag:h2|font_size:36px|text_align:left|color:%23000000&#8243;][vc_column_text]Actuamos en defensa del acusado y como representantes del perjudicado por el delito en el juicio penal. Obramos en la fase de [&hellip;]","og_url":"https:\/\/mpadwokaci.eu\/uslugi\/klient-indywidualny\/prawo-karne\/","og_site_name":"MP Adwokaci","article_publisher":"https:\/\/www.facebook.com\/MPAdwokaci","article_modified_time":"2021-01-05T17:26:31+00:00","twitter_card":"summary_large_image","twitter_misc":{"Tiempo de lectura":"1 minuto"},"schema":{"@context":"https:\/\/schema.org","@graph":[{"@type":"WebPage","@id":"https:\/\/mpadwokaci.eu\/uslugi\/klient-indywidualny\/prawo-karne\/","url":"https:\/\/mpadwokaci.eu\/uslugi\/klient-indywidualny\/prawo-karne\/","name":"Derecho penal - MP Adwokaci","isPartOf":{"@id":"https:\/\/mpadwokaci.eu\/#website"},"datePublished":"2021-01-05T17:10:21+00:00","dateModified":"2021-01-05T17:26:31+00:00","breadcrumb":{"@id":"https:\/\/mpadwokaci.eu\/uslugi\/klient-indywidualny\/prawo-karne\/#breadcrumb"},"inLanguage":"es","potentialAction":[{"@type":"ReadAction","target":["https:\/\/mpadwokaci.eu\/uslugi\/klient-indywidualny\/prawo-karne\/"]}]},{"@type":"BreadcrumbList","@id":"https:\/\/mpadwokaci.eu\/uslugi\/klient-indywidualny\/prawo-karne\/#breadcrumb","itemListElement":[{"@type":"ListItem","position":1,"name":"Strona g\u0142\u00f3wna","item":"https:\/\/mpadwokaci.eu\/es\/"},{"@type":"ListItem","position":2,"name":"Servicios","item":"https:\/\/mpadwokaci.eu\/uslugi\/"},{"@type":"ListItem","position":3,"name":"Cliente particular","item":"https:\/\/mpadwokaci.eu\/uslugi\/klient-indywidualny\/"},{"@type":"ListItem","position":4,"name":"Derecho penal"}]},{"@type":"WebSite","@id":"https:\/\/mpadwokaci.eu\/#website","url":"https:\/\/mpadwokaci.eu\/","name":"MP Adwokaci","description":"","publisher":{"@id":"https:\/\/mpadwokaci.eu\/#organization"},"potentialAction":[{"@type":"SearchAction","target":{"@type":"EntryPoint","urlTemplate":"https:\/\/mpadwokaci.eu\/?s={search_term_string}"},"query-input":"required name=search_term_string"}],"inLanguage":"es"},{"@type":"Organization","@id":"https:\/\/mpadwokaci.eu\/#organization","name":"MP Adwokaci","url":"https:\/\/mpadwokaci.eu\/","logo":{"@type":"ImageObject","inLanguage":"es","@id":"https:\/\/mpadwokaci.eu\/#\/schema\/logo\/image\/","url":"https:\/\/mpadwokaci.eu\/wp-content\/uploads\/2020\/11\/MPA-logo-white-e1605855541776.png","contentUrl":"https:\/\/mpadwokaci.eu\/wp-content\/uploads\/2020\/11\/MPA-logo-white-e1605855541776.png","width":300,"height":168,"caption":"MP Adwokaci"},"image":{"@id":"https:\/\/mpadwokaci.eu\/#\/schema\/logo\/image\/"},"sameAs":["https:\/\/www.facebook.com\/MPAdwokaci","https:\/\/www.linkedin.com\/company\/mpadwokaci\/"]}]}},"_links":{"self":[{"href":"https:\/\/mpadwokaci.eu\/es\/wp-json\/wp\/v2\/pages\/781"}],"collection":[{"href":"https:\/\/mpadwokaci.eu\/es\/wp-json\/wp\/v2\/pages"}],"about":[{"href":"https:\/\/mpadwokaci.eu\/es\/wp-json\/wp\/v2\/types\/page"}],"author":[{"embeddable":true,"href":"https:\/\/mpadwokaci.eu\/es\/wp-json\/wp\/v2\/users\/1"}],"replies":[{"embeddable":true,"href":"https:\/\/mpadwokaci.eu\/es\/wp-json\/wp\/v2\/comments?post=781"}],"version-history":[{"count":0,"href":"https:\/\/mpadwokaci.eu\/es\/wp-json\/wp\/v2\/pages\/781\/revisions"}],"up":[{"embeddable":true,"href":"https:\/\/mpadwokaci.eu\/es\/wp-json\/wp\/v2\/pages\/760"}],"wp:attachment":[{"href":"https:\/\/mpadwokaci.eu\/es\/wp-json\/wp\/v2\/media?parent=781"}],"curies":[{"name":"wp","href":"https:\/\/api.w.org\/{rel}","templated":true}]}}